{"id":319,"date":"2023-07-11T21:03:35","date_gmt":"2023-07-11T21:03:35","guid":{"rendered":"https:\/\/www.edificiocasagrande.cl\/?page_id=319"},"modified":"2023-12-04T14:30:22","modified_gmt":"2023-12-04T14:30:22","slug":"oficina","status":"publish","type":"page","link":"https:\/\/www.edificiocasagrande.cl\/?page_id=319","title":{"rendered":"Oficina"},"content":{"rendered":"\n<div class=\"row row-large align-middle\"  id=\"row-1657391539\">\n\n\n\t<div id=\"col-2068413109\" class=\"col medium-6 small-12 large-6\"  >\n\t\t\t\t<div class=\"col-inner text-center\"  >\n\t\t\t\n\t\t\t\n\n<h2 class=\"uppercase\">OFICINAS<\/h2>\n<p>21,5 Metros cuadrados&nbsp;<\/p>\n<p><strong>Desde 1.750 UF&nbsp;<\/strong><\/p>\n<p>El valor no considera estacionamiento ni bodega.<\/p>\n\n\t\t<\/div>\n\t\t\t\t\t<\/div>\n\n\t\n\n\t<div id=\"col-745561306\" class=\"col medium-6 small-12 large-6\"  >\n\t\t\t\t<div class=\"col-inner text-center\"  >\n\t\t\t\n\t\t\t\n\n\t<div class=\"img has-hover x md-x lg-x y md-y lg-y\" id=\"image_357445018\">\n\t\t\t\t\t\t\t\t<div class=\"img-inner box-shadow-2 dark\" >\n\t\t\t<img loading=\"lazy\" decoding=\"async\" width=\"1020\" height=\"690\" src=\"https:\/\/www.edificiocasagrande.cl\/wp-content\/uploads\/2023\/07\/Captura-de-pantalla-2023-07-05-a-las-18.02.29-1183x800.png\" class=\"attachment-large size-large\" alt=\"\" srcset=\"https:\/\/www.edificiocasagrande.cl\/wp-content\/uploads\/2023\/07\/Captura-de-pantalla-2023-07-05-a-las-18.02.29-1183x800.png 1183w, https:\/\/www.edificiocasagrande.cl\/wp-content\/uploads\/2023\/07\/Captura-de-pantalla-2023-07-05-a-las-18.02.29-592x400.png 592w, https:\/\/www.edificiocasagrande.cl\/wp-content\/uploads\/2023\/07\/Captura-de-pantalla-2023-07-05-a-las-18.02.29-768x519.png 768w, https:\/\/www.edificiocasagrande.cl\/wp-content\/uploads\/2023\/07\/Captura-de-pantalla-2023-07-05-a-las-18.02.29.png 1358w\" sizes=\"auto, (max-width: 1020px) 100vw, 1020px\" \/>\t\t\t\t\t\t\n\t\t\t\t\t<\/div>\n\t\t\t\t\t\t\t\t\n<style>\n#image_357445018 {\n  width: 69%;\n}\n<\/style>\n\t<\/div>\n\t\n\n\n\t\t<\/div>\n\t\t\t\t\t<\/div>\n\n\t\n\n<\/div>\n<div class=\"row row-large align-center row-divided\"  id=\"row-1475796550\">\n\n\n\t<div id=\"col-1453236047\" class=\"col medium-4 large-4\"  >\n\t\t\t\t<div class=\"col-inner\"  >\n\t\t\t\n\t\t\t\n\n\n\t\t<div class=\"icon-box featured-box icon-box-center text-center\"  style=\"margin:0px 0px 0px 0px;\">\n\t\t\t\t<div class=\"icon-box-text last-reset\">\n\t\t\t<h5 class=\"uppercase\">ALTO STANDAR<\/h5>\t\t\t<h6>DEL PROYECTO<\/h6>\t\t\t\n\n\t<div id=\"text-2839695900\" class=\"text\">\n\t\t\n\n<p>Ventanas Termopanel&nbsp;<br>Cumple con el Plan de Descontaminaci\u00f3n Atmosf\u00e9rica (PDA) | Sistema Aislaci\u00f3n T\u00e9rmica Exterior y Acabado&nbsp; EIFS<\/p>\n\t\t\n<style>\n#text-2839695900 {\n  line-height: 1.6;\n}\n<\/style>\n\t<\/div>\n\t\n\n\t\t<\/div>\n\t<\/div>\n\t\n\t\n\n\t\t<\/div>\n\t\t\t\t\t<\/div>\n\n\t\n\n\t<div id=\"col-498705769\" class=\"col medium-4 large-4\"  >\n\t\t\t\t<div class=\"col-inner\"  >\n\t\t\t\n\t\t\t\n\n\n\t\t<div class=\"icon-box featured-box icon-box-center text-center\"  style=\"margin:0px 0px 0px 0px;\">\n\t\t\t\t<div class=\"icon-box-text last-reset\">\n\t\t\t<h5 class=\"uppercase\">Caracteristicas<\/h5>\t\t\t<h6>del Proyecto<\/h6>\t\t\t\n\n\t<div id=\"text-3366508800\" class=\"text\">\n\t\t\n\n<p>Cocina amoblada, equipada con Campana, Horno y Encimera<br>Proyecto totalmente El\u00e9ctrico<\/p>\n\t\t\n<style>\n#text-3366508800 {\n  line-height: 1.6;\n}\n<\/style>\n\t<\/div>\n\t\n\n\t\t<\/div>\n\t<\/div>\n\t\n\t\n\n\t\t<\/div>\n\t\t\t\t\t<\/div>\n\n\t\n\n<\/div>\n  <style>\n    #gallery-833281607 .grid-col-1{height: 300px}\n    #gallery-833281607 .grid-col-1-2{height: 150px}\n    #gallery-833281607 .grid-col-1-3{height:100px}\n    #gallery-833281607 .grid-col-2-3{height: 200px}\n    #gallery-833281607 .grid-col-1-4{height: 75px}\n    #gallery-833281607 .grid-col-3-4{height: 225px}\n\n\n        \/* Tablet *\/\n    @media (max-width: 850px){\n      #gallery-833281607 .grid-col-1{height: 200px}\n      #gallery-833281607 .grid-col-1-2{height: 100px}\n      #gallery-833281607 .grid-col-1-3{height:66.666666666667px}\n      #gallery-833281607 .grid-col-2-3{height: 133.33333333333px}\n      #gallery-833281607 .grid-col-1-4{height: 50px}\n      #gallery-833281607 .grid-col-3-4{height: 150px}\n    }\n    \n        \/* Mobile *\/\n    @media (max-width: 550px){\n      #gallery-833281607 .grid-col-1{height: 200px}\n      #gallery-833281607 .grid-col-1-2{height: 100px}\n      #gallery-833281607 .grid-col-1-3{height:66.666666666667px}\n      #gallery-833281607 .grid-col-2-3{height: 133.33333333333px}\n      #gallery-833281607 .grid-col-1-4{height: 50px}\n      #gallery-833281607 .grid-col-3-4{height: 150px}\n    }\n    \n\n  <\/style>\n  \n  \n    <div id=\"gallery-833281607\" class=\"row row-grid\" data-packery-options='{\"itemSelector\": \".col\", \"gutter\": 0, \"presentageWidth\" : true}'>\n\n  <div class=\"gallery-col col grid-col grid-col-1 large-6 medium-12\" >\n          <div class=\"col-inner\">\n            <a class=\"image-lightbox lightbox-gallery\" href=\"https:\/\/www.edificiocasagrande.cl\/wp-content\/uploads\/2023\/12\/IMG_0264.jpg\" title=\"\">            <div class=\"box has-hover gallery-box box-overlay dark box-text-center\">\n              <div class=\"box-image box-shadow-3 box-shadow-1-hover\" >\n                <img loading=\"lazy\" decoding=\"async\" width=\"300\" height=\"400\" src=\"https:\/\/www.edificiocasagrande.cl\/wp-content\/uploads\/2023\/12\/IMG_0264-300x400.jpg\" class=\"attachment-medium size-medium\" alt=\"\" ids=\"394,395,396,397\" type=\"grid\" grid_height=\"300px\" depth=\"3\" depth_hover=\"1\" srcset=\"https:\/\/www.edificiocasagrande.cl\/wp-content\/uploads\/2023\/12\/IMG_0264-300x400.jpg 300w, https:\/\/www.edificiocasagrande.cl\/wp-content\/uploads\/2023\/12\/IMG_0264.jpg 450w\" sizes=\"auto, (max-width: 300px) 100vw, 300px\" \/>                                  <div class=\"overlay fill\"\n                      style=\"background-color: rgba(0,0,0,.15)\">\n                  <\/div>\n                                                              <\/div>\n              <div class=\"box-text text-left dark\" >\n                 <p><\/p>\n              <\/div>\n            <\/div>\n            <\/a>          <\/div>\n         <\/div><div class=\"gallery-col col grid-col grid-col-1 large-3 medium-6\" >\n          <div class=\"col-inner\">\n            <a class=\"image-lightbox lightbox-gallery\" href=\"https:\/\/www.edificiocasagrande.cl\/wp-content\/uploads\/2023\/12\/IMG_0271.jpg\" title=\"\">            <div class=\"box has-hover gallery-box box-overlay dark box-text-center\">\n              <div class=\"box-image box-shadow-3 box-shadow-1-hover\" >\n                <img loading=\"lazy\" decoding=\"async\" width=\"533\" height=\"400\" src=\"https:\/\/www.edificiocasagrande.cl\/wp-content\/uploads\/2023\/12\/IMG_0271-533x400.jpg\" class=\"attachment-medium size-medium\" alt=\"\" ids=\"394,395,396,397\" type=\"grid\" grid_height=\"300px\" depth=\"3\" depth_hover=\"1\" srcset=\"https:\/\/www.edificiocasagrande.cl\/wp-content\/uploads\/2023\/12\/IMG_0271-533x400.jpg 533w, https:\/\/www.edificiocasagrande.cl\/wp-content\/uploads\/2023\/12\/IMG_0271-768x576.jpg 768w, https:\/\/www.edificiocasagrande.cl\/wp-content\/uploads\/2023\/12\/IMG_0271.jpg 800w\" sizes=\"auto, (max-width: 533px) 100vw, 533px\" \/>                                  <div class=\"overlay fill\"\n                      style=\"background-color: rgba(0,0,0,.15)\">\n                  <\/div>\n                                                              <\/div>\n              <div class=\"box-text text-left dark\" >\n                 <p><\/p>\n              <\/div>\n            <\/div>\n            <\/a>          <\/div>\n         <\/div><div class=\"gallery-col col grid-col grid-col-1-2 large-3 medium-6\" >\n          <div class=\"col-inner\">\n            <a class=\"image-lightbox lightbox-gallery\" href=\"https:\/\/www.edificiocasagrande.cl\/wp-content\/uploads\/2023\/12\/IMG_0273.jpg\" title=\"\">            <div class=\"box has-hover gallery-box box-overlay dark box-text-center\">\n              <div class=\"box-image box-shadow-3 box-shadow-1-hover\" >\n                <img loading=\"lazy\" decoding=\"async\" width=\"300\" height=\"400\" src=\"https:\/\/www.edificiocasagrande.cl\/wp-content\/uploads\/2023\/12\/IMG_0273-300x400.jpg\" class=\"attachment-medium size-medium\" alt=\"\" ids=\"394,395,396,397\" type=\"grid\" grid_height=\"300px\" depth=\"3\" depth_hover=\"1\" srcset=\"https:\/\/www.edificiocasagrande.cl\/wp-content\/uploads\/2023\/12\/IMG_0273-300x400.jpg 300w, https:\/\/www.edificiocasagrande.cl\/wp-content\/uploads\/2023\/12\/IMG_0273.jpg 450w\" sizes=\"auto, (max-width: 300px) 100vw, 300px\" \/>                                  <div class=\"overlay fill\"\n                      style=\"background-color: rgba(0,0,0,.15)\">\n                  <\/div>\n                                                              <\/div>\n              <div class=\"box-text text-left dark\" >\n                 <p><\/p>\n              <\/div>\n            <\/div>\n            <\/a>          <\/div>\n         <\/div><div class=\"gallery-col col grid-col grid-col-1-2 large-3 medium-6\" >\n          <div class=\"col-inner\">\n            <a class=\"image-lightbox lightbox-gallery\" href=\"https:\/\/www.edificiocasagrande.cl\/wp-content\/uploads\/2023\/12\/IMG_0274.jpg\" title=\"\">            <div class=\"box has-hover gallery-box box-overlay dark box-text-center\">\n              <div class=\"box-image box-shadow-3 box-shadow-1-hover\" >\n                <img loading=\"lazy\" decoding=\"async\" width=\"300\" height=\"400\" src=\"https:\/\/www.edificiocasagrande.cl\/wp-content\/uploads\/2023\/12\/IMG_0274-300x400.jpg\" class=\"attachment-medium size-medium\" alt=\"\" ids=\"394,395,396,397\" type=\"grid\" grid_height=\"300px\" depth=\"3\" depth_hover=\"1\" srcset=\"https:\/\/www.edificiocasagrande.cl\/wp-content\/uploads\/2023\/12\/IMG_0274-300x400.jpg 300w, https:\/\/www.edificiocasagrande.cl\/wp-content\/uploads\/2023\/12\/IMG_0274.jpg 450w\" sizes=\"auto, (max-width: 300px) 100vw, 300px\" \/>                                  <div class=\"overlay fill\"\n                      style=\"background-color: rgba(0,0,0,.15)\">\n                  <\/div>\n                                                              <\/div>\n              <div class=\"box-text text-left dark\" >\n                 <p><\/p>\n              <\/div>\n            <\/div>\n            <\/a>          <\/div>\n         <\/div><\/div>\n\n\t<section class=\"section\" id=\"section_1148759489\">\n\t\t<div class=\"bg section-bg fill bg-fill  bg-loaded\" >\n\n\t\t\t\n\t\t\t<div class=\"section-bg-overlay absolute fill\"><\/div>\n\t\t\t\n\t<div class=\"is-border\"\n\t\tstyle=\"border-width:1px 0px 1px 0px;\">\n\t<\/div>\n\n\t\t<\/div>\n\n\t\t\n\n\t\t<div class=\"section-content relative\">\n\t\t\t\n\n<div class=\"row row-large align-middle\"  id=\"row-105542812\">\n\n\n\t<div id=\"col-1470515010\" class=\"col medium-6 small-12 large-6\"  >\n\t\t\t\t<div class=\"col-inner\"  >\n\t\t\t\n\t\t\t\n\n\t<div class=\"img has-hover x md-x lg-x y md-y lg-y\" id=\"image_803448331\">\n\t\t\t\t\t\t\t\t<div class=\"img-inner box-shadow-2 dark\" >\n\t\t\t<img loading=\"lazy\" decoding=\"async\" width=\"1020\" height=\"574\" src=\"https:\/\/www.edificiocasagrande.cl\/wp-content\/uploads\/2023\/06\/Sotomsyor-6.jpg\" class=\"attachment-large size-large\" alt=\"\" srcset=\"https:\/\/www.edificiocasagrande.cl\/wp-content\/uploads\/2023\/06\/Sotomsyor-6.jpg 1024w, https:\/\/www.edificiocasagrande.cl\/wp-content\/uploads\/2023\/06\/Sotomsyor-6-711x400.jpg 711w, https:\/\/www.edificiocasagrande.cl\/wp-content\/uploads\/2023\/06\/Sotomsyor-6-768x432.jpg 768w\" sizes=\"auto, (max-width: 1020px) 100vw, 1020px\" \/>\t\t\t\t\t\t\n\t\t\t\t\t<\/div>\n\t\t\t\t\t\t\t\t\n<style>\n#image_803448331 {\n  width: 100%;\n}\n<\/style>\n\t<\/div>\n\t\n\n\n\t\t<\/div>\n\t\t\t\t\t<\/div>\n\n\t\n\n\t<div id=\"col-2119365869\" class=\"col medium-6 small-12 large-6\"  >\n\t\t\t\t<div class=\"col-inner text-left\"  >\n\t\t\t\n\t\t\t\n\n<h2 class=\"uppercase\">Edificio casa grande<\/h2>\n<p>Inmobiliaria Puerto Madero Ltda. es&nbsp; una empresa chillaneja, del grupo de empresas de Hurtado y Carrasco Constructora Ltda.<\/p>\n<p><strong>Sotomayor #211, esquina Ferm\u00edn Vivaceta, Chill\u00e1n.<\/strong><\/p>\n\n\t\t<\/div>\n\t\t\t\t\t<\/div>\n\n\t\n\n<\/div>\n\n\t\t<\/div>\n\n\t\t\n<style>\n#section_1148759489 {\n  padding-top: 60px;\n  padding-bottom: 60px;\n  background-color: rgb(193, 193, 193);\n}\n#section_1148759489 .section-bg-overlay {\n  background-color: rgba(255, 255, 255, 0.85);\n}\n<\/style>\n\t<\/section>\n\t\n<div class=\"message-box relative dark\" style=\"padding-top:36px;padding-bottom:36px;\"><div class=\"message-box-bg-image bg-fill fill\" ><\/div><div class=\"message-box-bg-overlay bg-fill fill\" style=\"background-color:rgb(74, 74, 74);\"><\/div><div class=\"container relative\"><div class=\"inner last-reset\">\n\n<div class=\"row align-middle\"  id=\"row-1958616739\">\n\n\n\t<div id=\"col-192686634\" class=\"col medium-7 small-12 large-7\"  >\n\t\t\t\t<div class=\"col-inner\"  >\n\t\t\t\n\t\t\t\n\n<h2 class=\"uppercase\">CONTACTENOS<\/h2>\n<h3>+ 56 933 .770 .237&nbsp;| edificiocasagrande@hyc.cl<br \/>&nbsp;<\/h3>\n\n\t\t<\/div>\n\t\t\t\t\t<\/div>\n\n\t\n\n\t<div id=\"col-620749668\" class=\"col medium-5 small-12 large-5\"  >\n\t\t\t\t<div class=\"col-inner text-right\"  >\n\t\t\t\n\t\t\t\n\n\n\t\t<\/div>\n\t\t\t\t\t<\/div>\n\n\t\n\n<\/div>\n\n<\/div><\/div><\/div>\n\n","protected":false},"excerpt":{"rendered":"","protected":false},"author":2,"featured_media":8,"parent":0,"menu_order":1,"comment_status":"closed","ping_status":"closed","template":"page-blank.php","meta":{"_joinchat":[],"footnotes":""},"class_list":["post-319","page","type-page","status-publish","has-post-thumbnail","hentry"],"_links":{"self":[{"href":"https:\/\/www.edificiocasagrande.cl\/index.php?rest_route=\/wp\/v2\/pages\/319","targetHints":{"allow":["GET"]}}],"collection":[{"href":"https:\/\/www.edificiocasagrande.cl\/index.php?rest_route=\/wp\/v2\/pages"}],"about":[{"href":"https:\/\/www.edificiocasagrande.cl\/index.php?rest_route=\/wp\/v2\/types\/page"}],"author":[{"embeddable":true,"href":"https:\/\/www.edificiocasagrande.cl\/index.php?rest_route=\/wp\/v2\/users\/2"}],"replies":[{"embeddable":true,"href":"https:\/\/www.edificiocasagrande.cl\/index.php?rest_route=%2Fwp%2Fv2%2Fcomments&post=319"}],"version-history":[{"count":3,"href":"https:\/\/www.edificiocasagrande.cl\/index.php?rest_route=\/wp\/v2\/pages\/319\/revisions"}],"predecessor-version":[{"id":398,"href":"https:\/\/www.edificiocasagrande.cl\/index.php?rest_route=\/wp\/v2\/pages\/319\/revisions\/398"}],"wp:featuredmedia":[{"embeddable":true,"href":"https:\/\/www.edificiocasagrande.cl\/index.php?rest_route=\/wp\/v2\/media\/8"}],"wp:attachment":[{"href":"https:\/\/www.edificiocasagrande.cl\/index.php?rest_route=%2Fwp%2Fv2%2Fmedia&parent=319"}],"curies":[{"name":"wp","href":"https:\/\/api.w.org\/{rel}","templated":true}]}}